{"id":5921,"date":"2023-03-27T00:03:46","date_gmt":"2023-03-26T22:03:46","guid":{"rendered":"https:\/\/african-futures.koeln\/mentions-legales\/"},"modified":"2023-03-29T19:52:28","modified_gmt":"2023-03-29T17:52:28","slug":"mentions-legales","status":"publish","type":"page","link":"https:\/\/african-futures.koeln\/fr\/mentions-legales\/","title":{"rendered":"<br> Mentions l\u00e9gales"},"content":{"rendered":"\n<p><strong>Identification du fournisseur conform\u00e9ment au \u00a7 5 de la loi sur les t\u00e9l\u00e9m\u00e9dias \/ R\u00e9daction responsable<\/strong><strong>:<\/strong><\/p>\n\n<p><strong>\u00c9diteur<\/strong>: <\/p>\n\n<p><strong>African Futures Cologne 2023<\/strong><br\/>S\u00e9bastien Fischer <br\/>Au Kempishof 28<br\/>50354 H\u00fcrth<\/p>\n\n<p><strong>Contact :<\/strong><br\/>0176 808 101 70<br\/>presse@african-futures.koeln<\/p>\n\n<p><\/p>\n\n<p><strong>Logiciel<\/strong><strong>:<\/strong><\/p>\n\n<p>Concept, conception et r\u00e9alisation :<br\/>Frederik Weck<br\/>103, rue Jakob-Steffan<br\/>55122 Mayence<br\/><a href=\"https:\/\/weckdesign.de\/\" target=\"_blank\" rel=\"noopener\">www.weckdesign.de<\/a><br\/>frederik@weckdesign.de<\/p>\n\n<p><strong>Protection des donn\u00e9es<\/strong>:<br\/>Vous trouverez des informations d\u00e9taill\u00e9es sur la protection des donn\u00e9es dans notre <a href=\"https:\/\/african-futures.koeln\/fr\/declaration-de-confidentialite\/\" data-type=\"page\" data-id=\"3\">d\u00e9claration<\/a> g\u00e9n\u00e9rale de protection des donn\u00e9es.<\/p>\n\n<p><\/p>\n\n<p><strong>Informations juridiques (clause de non-responsabilit\u00e9) :<\/strong><\/p>\n\n<p><strong>Remarques sur le contenu<\/strong><br\/><em>African Futures Cologne 2023<\/em> a toujours pour objectif d&rsquo;assurer l&rsquo;exactitude, l&rsquo;exhaustivit\u00e9 et l&rsquo;actualit\u00e9 des informations fournies sur ce site Internet. Toutefois, des erreurs et des impr\u00e9cisions ne peuvent pas \u00eatre exclues.<br\/><em>African Futures Cologne 2023<\/em> ne garantit donc pas l&rsquo;actualit\u00e9, l&rsquo;exactitude, l&rsquo;exhaustivit\u00e9, la qualit\u00e9 et la disponibilit\u00e9 permanente des informations mises \u00e0 disposition, ni l&rsquo;absence de toute autre d\u00e9faillance technique. La ville de Cologne n&rsquo;est pas responsable des dommages caus\u00e9s par l&rsquo;utilisation des informations ou des donn\u00e9es mises \u00e0 disposition ou par l&rsquo;utilisation d&rsquo;informations ou de donn\u00e9es erron\u00e9es et\/ou incompl\u00e8tes, sauf si une faute intentionnelle ou une n\u00e9gligence grave lui est imputable. Cette exclusion ne s&rsquo;applique pas aux dommages r\u00e9sultant d&rsquo;une atteinte \u00e0 la vie, \u00e0 l&rsquo;int\u00e9grit\u00e9 physique ou \u00e0 la sant\u00e9.<br\/><em>African Futures Cologne 2023<\/em> se r\u00e9serve express\u00e9ment le droit de modifier, de compl\u00e9ter ou de supprimer des parties de pages ou l&rsquo;ensemble de l&rsquo;offre sans avis pr\u00e9alable, ou d&rsquo;en suspendre temporairement ou d\u00e9finitivement la publication.<\/p>\n\n<p><strong>Remarques sur le droit \u00e0 l&rsquo;image des personnes<\/strong><br\/>Selon l&rsquo;article 22, paragraphe 1, de la loi sur les droits d&rsquo;auteur (KUG), \u00ab\u00a0les images ne peuvent \u00eatre diffus\u00e9es ou expos\u00e9es au public qu&rsquo;avec le consentement de la personne repr\u00e9sent\u00e9e\u00a0\u00bb. Les personnes figurant sur les pages Internet ont donn\u00e9 leur accord.<br\/>Dans la mesure o\u00f9, malgr\u00e9 un contr\u00f4le minutieux du contenu, une photo a \u00e9t\u00e9 publi\u00e9e qui ne respecte pas ce principe ou si vous souhaitez que la photo publi\u00e9e soit retir\u00e9e (retrait de l&rsquo;autorisation), vous pouvez nous le faire savoir par \u00e9crit. Il vous suffit de nous envoyer un e-mail. Si vous vous r\u00e9tractez, la ou les photos seront imm\u00e9diatement supprim\u00e9es et ne seront plus utilis\u00e9es \u00e0 l&rsquo;avenir.  <br\/>Coordonn\u00e9es pour r\u00e9voquer une image<\/p>\n\n<p>R\u00e9daction en ligne :<br\/>S\u00e9bastien Fischer <br\/>Courrier \u00e9lectronique : presse@african-futures.koeln<\/p>\n\n<p><strong>Remarques sur les droits d&rsquo;auteur<\/strong><\/p>\n\n<p>Toutes les pages sont soumises au droit d&rsquo;auteur (copyright). Ceci s&rsquo;applique en particulier \u00e0 tous les contenus publi\u00e9s sur les pages web tels que <br\/>&#8211; Textes<br\/>&#8211; Images<br\/>&#8211; Graphiques<br\/>&#8211; Fichiers son, vid\u00e9o ou animation<br\/>&#8211; mise en page, y compris la disposition g\u00e9n\u00e9rale sur les pages web<\/p>\n\n<p>Toute reproduction ou utilisation de tels textes, m\u00eame partielle, dans d&rsquo;autres publications \u00e9lectroniques ou imprim\u00e9es et leur publication &#8211; y compris sur Internet &#8211; ne sont autoris\u00e9es qu&rsquo;avec l&rsquo;accord \u00e9crit pr\u00e9alable.<br\/><\/p>\n\n<p><strong>Remarques sur les r\u00e9f\u00e9rences et les liens<\/strong><\/p>\n\n<p>Ce site web contient \u00e9galement, \u00e0 titre d&rsquo;information, des liens ou des renvois vers des sites web de tiers, signal\u00e9s comme tels. La responsabilit\u00e9 de ces contenus externes incombe uniquement au fournisseur qui les met \u00e0 disposition. <em>African Futures Cologne 2023<\/em> ne fait que fournir l&rsquo;acc\u00e8s \u00e0 l&rsquo;utilisation de ces contenus.<br\/>Dans la mesure o\u00f9 le site Internet de <em>African Futures Cologne 2023<\/em> un acc\u00e8s \u00e0 des contenus \u00e9trangers, par exemple sous forme de liens, qui sont mis \u00e0 disposition par d&rsquo;autres fournisseurs, nous attirons l&rsquo;attention sur le fait que <em>African Futures Cologne 2023<\/em> n&rsquo;a pas d&rsquo;influence sur ces contenus \u00e9trangers et ne se les approprie pas. <em>African Futures Cologne 2023<\/em> n&rsquo;a actuellement aucune connaissance positive de contenus ill\u00e9gaux ou choquants sur les pages de fournisseurs tiers reli\u00e9es par des liens. Si toutefois les pages li\u00e9es de fournisseurs \u00e9trangers devaient contenir des contenus ill\u00e9gaux ou choquants, <em>African Futures Cologne 2023<\/em> se distancie express\u00e9ment de ces contenus.<br\/>Seul le fournisseur de la page \u00e0 laquelle il a \u00e9t\u00e9 renvoy\u00e9 est responsable des contenus ill\u00e9gaux, erron\u00e9s ou incomplets et en particulier des dommages r\u00e9sultant de l&rsquo;utilisation ou de la non-utilisation d&rsquo;informations de tiers, et non celui qui ne fait que renvoyer \u00e0 la publication concern\u00e9e par le biais de liens.<\/p>\n\n<p><strong>R\u00e8glement des litiges de consommation\/organe universel de conciliation<\/strong><\/p>\n\n<p>Nous ne sommes pas pr\u00eats ou oblig\u00e9s de participer \u00e0 des proc\u00e9dures de r\u00e8glement des litiges devant un organisme de conciliation des consommateurs.<\/p>\n","protected":false},"excerpt":{"rendered":"<p>Identification du fournisseur conform\u00e9ment au \u00a7 5 de la loi sur les t\u00e9l\u00e9m\u00e9dias \/ R\u00e9daction responsable: \u00c9diteur: African Futures Cologne 2023S\u00e9bastien Fischer Au Kempishof 2850354 H\u00fcrth Contact :0176 808 101 70presse@african-futures.koeln Logiciel: Concept, conception et r\u00e9alisation :Frederik Weck103, rue Jakob-Steffan55122 Mayencewww.weckdesign.defrederik@weckdesign.de Protection des donn\u00e9es:Vous trouverez des informations d\u00e9taill\u00e9es sur la protection des donn\u00e9es dans notre [&hellip;]<\/p>\n","protected":false},"author":1,"featured_media":0,"parent":0,"menu_order":0,"comment_status":"closed","ping_status":"closed","template":"","meta":{"_acf_changed":false,"footnotes":""},"class_list":["post-5921","page","type-page","status-publish","hentry"],"acf":[],"_links":{"self":[{"href":"https:\/\/african-futures.koeln\/fr\/wp-json\/wp\/v2\/pages\/5921","targetHints":{"allow":["GET"]}}],"collection":[{"href":"https:\/\/african-futures.koeln\/fr\/wp-json\/wp\/v2\/pages"}],"about":[{"href":"https:\/\/african-futures.koeln\/fr\/wp-json\/wp\/v2\/types\/page"}],"author":[{"embeddable":true,"href":"https:\/\/african-futures.koeln\/fr\/wp-json\/wp\/v2\/users\/1"}],"replies":[{"embeddable":true,"href":"https:\/\/african-futures.koeln\/fr\/wp-json\/wp\/v2\/comments?post=5921"}],"version-history":[{"count":4,"href":"https:\/\/african-futures.koeln\/fr\/wp-json\/wp\/v2\/pages\/5921\/revisions"}],"predecessor-version":[{"id":7046,"href":"https:\/\/african-futures.koeln\/fr\/wp-json\/wp\/v2\/pages\/5921\/revisions\/7046"}],"wp:attachment":[{"href":"https:\/\/african-futures.koeln\/fr\/wp-json\/wp\/v2\/media?parent=5921"}],"curies":[{"name":"wp","href":"https:\/\/api.w.org\/{rel}","templated":true}]}}